{"id":112428,"date":"2023-11-11T15:40:31","date_gmt":"2023-11-11T14:40:31","guid":{"rendered":"https:\/\/jurczyszyn.eu\/multiple-myeloma-clinical-cases\/"},"modified":"2023-12-05T18:10:45","modified_gmt":"2023-12-05T17:10:45","slug":"multiple-myeloma-clinical-cases","status":"publish","type":"page","link":"https:\/\/jurczyszyn.eu\/en\/multiple-myeloma-clinical-cases\/","title":{"rendered":"Multiple myeloma. Clinical cases."},"content":{"rendered":"<p>[et_pb_section fb_built=&#8221;1&#8243; fullwidth=&#8221;on&#8221; _builder_version=&#8221;4.23&#8243; _module_preset=&#8221;default&#8221; global_colors_info=&#8221;{}&#8221;][et_pb_fullwidth_header title=&#8221; Multiple myeloma. Clinical cases.&#8221; background_overlay_color=&#8221;rgba(85,45,170,0.86)&#8221; _builder_version=&#8221;4.23&#8243; _module_preset=&#8221;default&#8221; title_text_align=&#8221;center&#8221; background_color=&#8221;RGBA(255,255,255,0)&#8221; background_image=&#8221;https:\/\/jurczyszyn.eu\/wp-content\/uploads\/2023\/11\/0101535956484-ok.jpg&#8221; global_colors_info=&#8221;{}&#8221;][\/et_pb_fullwidth_header][\/et_pb_section][et_pb_section fb_built=&#8221;1&#8243; _builder_version=&#8221;4.23&#8243; _module_preset=&#8221;default&#8221; global_colors_info=&#8221;{}&#8221;][et_pb_row column_structure=&#8221;1_2,1_2&#8243; _builder_version=&#8221;4.23&#8243; _module_preset=&#8221;default&#8221; global_colors_info=&#8221;{}&#8221;][et_pb_column type=&#8221;1_2&#8243; _builder_version=&#8221;4.23&#8243; _module_preset=&#8221;default&#8221; global_colors_info=&#8221;{}&#8221;][et_pb_image src=&#8221;https:\/\/jurczyszyn.eu\/wp-content\/uploads\/2023\/11\/szpiczak_ksiazka_2.png&#8221; title_text=&#8221;Multiple myeloma. Clinical cases.&#8221; show_in_lightbox=&#8221;on&#8221; _builder_version=&#8221;4.23&#8243; _module_preset=&#8221;default&#8221; global_colors_info=&#8221;{}&#8221;][\/et_pb_image][\/et_pb_column][et_pb_column type=&#8221;1_2&#8243; _builder_version=&#8221;4.23&#8243; _module_preset=&#8221;default&#8221; global_colors_info=&#8221;{}&#8221;][et_pb_text _builder_version=&#8221;4.23&#8243; _module_preset=&#8221;default&#8221; global_colors_info=&#8221;{}&#8221;]<\/p>\n<p><span>Buy an electronic version of the book<\/span><\/p>\n<p><strong>Price of the book only 30 zloty<\/strong><\/p>\n<p>Please make contributions to the Foundation&#8217;s account:<\/p>\n<p>PKO BP I Branch in Krakow<br \/>ul. Kr\u00f3lewska 51, 30-081 Krak\u00f3w <br \/>account no. &#8211; 06 1440 1127 0000 0000 0835 9709 <br \/>In the title of the payment, please write &#8220;e-book&#8221;<br \/>All of the income generated will be used for the Foundation&#8217;s statutory activities.<a href=\"http:\/\/jurczyszyn.eu\/images\/ksiazki\/szpiczak_mnogi_t1_new.pdf\" target=\"_blank\" rel=\"noopener\"><\/a><\/p>\n<p>[\/et_pb_text][et_pb_blurb title=&#8221;Multiple myeloma &#8211; clinical cases &#8221; url_new_window=&#8221;on&#8221; use_icon=&#8221;on&#8221; font_icon=&#8221;&#xf1c1;||fa||400&#8243; icon_color=&#8221;#E02B20&#8243; icon_placement=&#8221;left&#8221; image_icon_width=&#8221;30px&#8221; content_max_width=&#8221;100%&#8221; _builder_version=&#8221;4.23&#8243; _module_preset=&#8221;default&#8221; header_font=&#8221;|300|||||||&#8221; link_option_url=&#8221;https:\/\/jurczyszyn.eu\/wp-content\/uploads\/2023\/11\/szpiczak_mnogi_t3_srodek.pdf&#8221; link_option_url_new_window=&#8221;on&#8221; locked=&#8221;off&#8221; global_colors_info=&#8221;{}&#8221;]<\/p>\n<p>PDF &#8211; 77,5 MB<\/p>\n<p>[\/et_pb_blurb][et_pb_text _builder_version=&#8221;4.23&#8243; _module_preset=&#8221;default&#8221; global_colors_info=&#8221;{}&#8221;]<\/p>\n<p>You may download the purchased book, in the form of a data file (PDF), for your own use only. Duplication of the book and transfer of the purchased book to others is not permitted. You may not copy the downloaded files (excluding backup copies), send them as email attachments, or print them (excluding printing 1 copy for your own use). Doing any of these things is a violation of the law and may result in criminal liability.   <\/p>\n<p>We thank you in advance for your contribution to our account.<\/p>\n<p>[\/et_pb_text][\/et_pb_column][\/et_pb_row][et_pb_row _builder_version=&#8221;4.23&#8243; _module_preset=&#8221;default&#8221; global_colors_info=&#8221;{}&#8221;][et_pb_column type=&#8221;4_4&#8243; _builder_version=&#8221;4.23&#8243; _module_preset=&#8221;default&#8221; global_colors_info=&#8221;{}&#8221;][et_pb_text _builder_version=&#8221;4.23&#8243; _module_preset=&#8221;default&#8221; global_colors_info=&#8221;{}&#8221;]<\/p>\n<p style=\"text-align: justify;\">I am pleased to announce that in 2010 the collective work entitled: &#8220;Multiple myeloma &#8211; complex diagnosis and therapy&#8221; was published, and in 2011 the second volume entitled: &#8220;Multiple myeloma &#8211; selected issues&#8221; was published. The books were published by the Myeloma Treatment Center Foundation of Krakow.<\/p>\n<p style=\"text-align: justify;\">Currently, in order to prove and show the heterogeneity of the disease, the diagnostic difficulties and to further expand the knowledge of the difficult management of patients with multiple myeloma, we have decided to prepare together the third part of the work entitled: &#8220;Multiple myeloma &#8211; clinical cases&#8221;. The book will be published in 2012 and will be published by the Myeloma Treatment Center Foundation.<\/p>\n<p style=\"text-align: justify;\">I hope that in this way we will be better able to help Doctors, Patients and their Families in their daily fight against the incurable cancer that is multiple myeloma.<\/p>\n<p style=\"text-align: justify;\">Best regards<br \/>Artur Jurczyszyn<\/p>\n<ul>\n<li>Foreword &#8211; A.B. Skotnicki, A. Jurczyszyn<\/li>\n<li>Preface &#8211; Prof. R. Kyle <\/li>\n<li>Review &#8211; Lidia Usnarska-Zubkiewicz<\/li>\n<li>Review &#8211; Prof. Henryk Gaertner <\/li>\n<\/ul>\n<ol>\n<li>Protocols and therapeutic regimens used in patients with multiple myeloma- A. Jurczyszyn<\/li>\n<li>Selected case reports of patients with multiple myeloma treated at the Department of Hematology of the University Hospital in Krakow &#8211; A. Jurczyszyn, S. Fornagiel, T. Wolska-Smole\u0144, A.B. Skotnicki<\/li>\n<li>Long-term thalidomide analogue therapy used in a woman with plasmocytic myeloma &#8211; case report &#8211; W. Legie\u0107, A. Dmoszy\u0144ska<\/li>\n<li>Lymphadenopathy with polyclonal gammapathy &#8211; a case report &#8211; W. Legie\u0107, A. Dmoszy\u0144ska<\/li>\n<li>Familial form of plasmocytic myeloma &#8211; a case report &#8211; A. Butrym, E. Stefanko, T. Wr\u00f3bel, G. Mazur<\/li>\n<li>Hip joint reconstruction in a patient with plasmocytic myeloma &#8211; D. Dawidowska, J. Kolojda, Sz. Dragan, A. Butrym,G. Mazur  <\/li>\n<li>Acquired von Willebrand disease in a patient with plasmocytic myeloma &#8211; Grzegorz Mazur, Tomasz Wr\u00f3bel, Olga Dobrzynska, Sylwia Robak, Maria Podolak- Dawidziak<\/li>\n<li>Rare forms of plasma cell myeloma from clinical practice &#8211; D. Dytfeld, M. Kazmierczak, M. Komarnicki<\/li>\n<li>Progressive and chemotherapy-resistant form of plasmocytic myeloma with orbital and brain soft tissue involvement &#8211; G. Helbig, S. Kyrcz-Krzemie\u0144<\/li>\n<li>Selected case reports of patients with multiple myeloma and primary light chain amyloidosis &#8211; G. Charlinski, E. Wiater, W.W. Jedrzejczak<\/li>\n<li>Smoldering plasmocytic myeloma of the light chains &#8211; M. Dudzinski<\/li>\n<li>Case report &#8211; Waldenstrom&#8217;s macroglobulinemia &#8211; J. Starzak-Gw\u00f3\u017ad\u017a <\/li>\n<li>Allogeneic hematopoietic stem cell transplantation in high-risk multiple myeloma patients &#8211; M. S\u0119dzimirska, J. Lange<\/li>\n<li>Selected case reports of patients with multiple myeloma &#8211; D. Woszczyk<\/li>\n<li>Irradiation of patients with isolated myeloma and multiple myeloma &#8211; analysis and case reports &#8211; K. Pude\u0142ek, J. Pude\u0142ek<\/li>\n<li>Life-threatening polyneuropathy in the course of POEMS syndrome with good response to lenalidomide therapy &#8211; K. Jamroziak, J. G\u00f3ra-Tybor<\/li>\n<li>IgE plasmocytoma manifesting as colon tumor &#8211; K. Jamroziak, J. G\u00f3ra-Tybor<\/li>\n<li>Inconsistencies in laboratory results associated with quantitative protein determination in patients with monoclonal gammopathy &#8211; A. Adamska, R. Dro\u017cd\u017c<\/li>\n<li>Selected case reports of patients with multiple myeloma &#8211; A. Swiderska<\/li>\n<li>Pain management in multiple myeloma as part of palliative treatment &#8211; I. Chmielarczyk-Koszykowska<\/li>\n<li>Infectious diseases in hematology &#8211; J. Czepiel, T. Mach<\/li>\n<li>A guide for patients &#8211; an outline of possible problems in the course of multiple myeloma &#8211; M. Czerniuk<\/li>\n<li>My life with myeloma &#8211; part II &#8211; patient stories: Beata Konstanty-Mesjasz, Stanis\u0142awa Winiarska, Jerzy Gniatczyk, Mariola Grabarczyk, Wies\u0142aw \u0141ojewski, Dorota Skrzypkowska, Bogumi\u0142a Po\u017aniak, Krystyna Talaga, Teresa Smagowicz, Robert Koziana &#8211; A. Witenberg<\/li>\n<\/ol>\n<p>[\/et_pb_text][\/et_pb_column][\/et_pb_row][\/et_pb_section]<\/p>\n","protected":false},"excerpt":{"rendered":"<p>Buy an electronic version of the book Price of the book only 30 zloty Please make contributions to the Foundation&#8217;s account: PKO BP I Branch in Krakowul. Kr\u00f3lewska 51, 30-081 Krak\u00f3w account no. &#8211; 06 1440 1127 0000 0000 0835 9709 In the title of the payment, please write &#8220;e-book&#8221;All of the income generated will [&hellip;]<\/p>\n","protected":false},"author":1,"featured_media":0,"parent":0,"menu_order":0,"comment_status":"closed","ping_status":"closed","template":"","meta":{"_et_pb_use_builder":"on","_et_pb_old_content":"","_et_gb_content_width":"","footnotes":""},"class_list":["post-112428","page","type-page","status-publish","hentry"],"_links":{"self":[{"href":"https:\/\/jurczyszyn.eu\/en\/wp-json\/wp\/v2\/pages\/112428","targetHints":{"allow":["GET"]}}],"collection":[{"href":"https:\/\/jurczyszyn.eu\/en\/wp-json\/wp\/v2\/pages"}],"about":[{"href":"https:\/\/jurczyszyn.eu\/en\/wp-json\/wp\/v2\/types\/page"}],"author":[{"embeddable":true,"href":"https:\/\/jurczyszyn.eu\/en\/wp-json\/wp\/v2\/users\/1"}],"replies":[{"embeddable":true,"href":"https:\/\/jurczyszyn.eu\/en\/wp-json\/wp\/v2\/comments?post=112428"}],"version-history":[{"count":2,"href":"https:\/\/jurczyszyn.eu\/en\/wp-json\/wp\/v2\/pages\/112428\/revisions"}],"predecessor-version":[{"id":112434,"href":"https:\/\/jurczyszyn.eu\/en\/wp-json\/wp\/v2\/pages\/112428\/revisions\/112434"}],"wp:attachment":[{"href":"https:\/\/jurczyszyn.eu\/en\/wp-json\/wp\/v2\/media?parent=112428"}],"curies":[{"name":"wp","href":"https:\/\/api.w.org\/{rel}","templated":true}]}}